{"id":3,"date":"2025-08-16T16:37:11","date_gmt":"2025-08-16T16:37:11","guid":{"rendered":"http:\/\/gestoptim.fr\/?page_id=3"},"modified":"2025-11-17T19:06:00","modified_gmt":"2025-11-17T18:06:00","slug":"mentions-legales","status":"publish","type":"page","link":"https:\/\/gestoptim.fr\/?page_id=3","title":{"rendered":"Mentions l\u00e9gales"},"content":{"rendered":"\n<h2 class=\"wp-block-heading\" id=\"webmaster\">Webmaster<\/h2>\n\n\n\n<p>Site r\u00e9alis\u00e9 par Grid\u00e9o<br><a href=\"mailto:contact@neocamino.com\">contact@grideo.fr<\/a><\/p>\n\n\n\n<h2 class=\"wp-block-heading\" id=\"mentions-legales-du-conseiller\">Mentions l\u00e9gales du conseiller<\/h2>\n\n\n\n<p>Le m\u00e9tier de Consultant Patrimonial est particuli\u00e8rement r\u00e9glement\u00e9.<\/p>\n\n\n\n<p class=\"has-medium-font-size\"><strong>Informations relatives \u00e0 l&rsquo;entreprise :<\/strong><\/p>\n\n\n\n<p>Doroth\u00e9e TODESCO-REQUET<\/p>\n\n\n\n<p>Entreprise Individuelle<\/p>\n\n\n\n<p>2 all\u00e9e du Ch\u00e2teau 69380 LOZANNE<\/p>\n\n\n\n<p>Tel : 06 70 62 28 74<\/p>\n\n\n\n<p>E-mail : dorothee.todesco@gestoptim.fr<\/p>\n\n\n\n<p>Directeur de publication du site : Doroth\u00e9e TODESCO-REQUET, <a href=\"mailto:dorothee.todesco@gestoptim.fr\">dorothee.todesco@gestoptim.fr<\/a><\/p>\n\n\n\n<p>H\u00e9bergeur : OVH, 2 rue Kellermann 59100 ROUBAIX. T\u00e9l\u00e9phone : 1007<\/p>\n\n\n\n<p><img loading=\"lazy\" decoding=\"async\" width=\"31\" height=\"31\" src=\"blob:http:\/\/gestoptim.fr\/096bc8e8-939d-4cd4-9589-66c912490a28\">&nbsp;RCS Villefranche-sur-Sa\u00f4ne : 851 840 371 00021.<\/p>\n\n\n\n<p><img loading=\"lazy\" decoding=\"async\" width=\"31\" height=\"31\" src=\"blob:http:\/\/gestoptim.fr\/e466e655-c461-4219-a2e7-86fed9913ed4\">&nbsp;Immatricul\u00e9 \u00e0 l\u2019ORIAS sous le num\u00e9ro 25008453.<\/p>\n\n\n\n<p><img loading=\"lazy\" decoding=\"async\" width=\"31\" height=\"31\" src=\"blob:http:\/\/gestoptim.fr\/2fff6377-f01b-4e06-9c97-904ec0e330ff\">&nbsp;Conseiller en Investissements Financiers N\u00b0 <em>25\/862015<\/em>, membre de la CNCEF Patrimoine, Chambre Nationale des Conseillers en Investissements Financiers, association agr\u00e9e par l\u2019Autorit\u00e9 des March\u00e9s Financiers (AMF).<\/p>\n\n\n\n<p><img loading=\"lazy\" decoding=\"async\" width=\"31\" height=\"31\" src=\"blob:http:\/\/gestoptim.fr\/1043e332-9f0e-4834-9829-d909e33efbf9\">&nbsp;Mandataire d\u2019Interm\u00e9diaire en Assurance (MIA).<\/p>\n\n\n\n<p><img loading=\"lazy\" decoding=\"async\" width=\"31\" height=\"31\" src=\"blob:http:\/\/gestoptim.fr\/c4d06cda-4011-49ed-8414-792081dc9d45\">&nbsp;Mandataire d\u2019interm\u00e9diaire en op\u00e9rations de banques et services de paiement (MIOBSP).<\/p>\n\n\n\n<p><img loading=\"lazy\" decoding=\"async\" width=\"31\" height=\"31\" src=\"blob:http:\/\/gestoptim.fr\/f412c5a1-5346-42dd-bb00-e186d6b8b42c\">&nbsp;Agent commercial en immobilier : Activit\u00e9 de transactions sur immeubles et fond de commerce<\/p>\n\n\n\n<p><img loading=\"lazy\" decoding=\"async\" width=\"31\" height=\"31\" src=\"blob:http:\/\/gestoptim.fr\/b60b2170-4697-4b94-b643-a85a1082ed74\">&nbsp;Garantie financi\u00e8re et assurance RCP conformes au code des Assurances<\/p>\n\n\n\n<p class=\"has-medium-font-size\"><strong>Propri\u00e9t\u00e9 et responsabilit\u00e9 \u00e9ditoriale<\/strong><\/p>\n\n\n\n<p>Le pr\u00e9sent site est la propri\u00e9t\u00e9 de Doroth\u00e9e TODESCO-REQUET, Entreprise Individuelle dont le si\u00e8ge social est situ\u00e9 au 2 all\u00e9e du Ch\u00e2teau 69380 LOZANNE et immatricul\u00e9e au RSAC VILLEFRANCHE-SUR-SAONE 851 840 371 00021.<\/p>\n\n\n\n<p>Courrier \u00e9lectronique : dorothee.todesco@gestoptim.fr<\/p>\n\n\n\n<p>T\u00e9l. : 06 70 62 28 74<\/p>\n\n\n\n<p>Responsable de la publication : Doroth\u00e9e TODESCO-REQUET<\/p>\n\n\n\n<p>H\u00e9bergeur : OVH<\/p>\n\n\n\n<p>Doroth\u00e9e TODESCO-REQUET est enregistr\u00e9 sur le registre de l\u2019ORIAS \u2013 Organisme pour le registre unique des interm\u00e9diaires en assurance, banque et finance \u2013 1 rue Jules Lefebvre 75009 Paris \u2013&nbsp;<a href=\"https:\/\/orias.fr\/\" target=\"_blank\" rel=\"noreferrer noopener\">www.orias.fr<\/a>&nbsp;:<\/p>\n\n\n\n<p>N\u00b0 d\u2019ORIAS de Doroth\u00e9e TODESCO-REQUET : 25008453<\/p>\n\n\n\n<p>Cat\u00e9gorie d\u2019interm\u00e9diaire&nbsp;:&nbsp;<\/p>\n\n\n\n<p>Conseiller en investissements financiers (CIF)<\/p>\n\n\n\n<p>Mandataire interm\u00e9diaire en Assurance (MIA)<\/p>\n\n\n\n<p>Mandataire d\u2019interm\u00e9diaire en Op\u00e9rations de Banque et en Services de Paiement (MIOBSP)<\/p>\n\n\n\n<p>Transactions immobili\u00e8res (sans maniement de fonds) Agent commercial sous la carte T d\u2019Inovea Immobilier<\/p>\n\n\n\n<p>Doroth\u00e9e TODESCO-REQUET est membre de la CNCEF Cr\u00e9dit et de la CNCEF Assurance, associations professionnelles reconnues par l\u2019Autorit\u00e9 de contr\u00f4le prudentiel et de r\u00e9solution.<\/p>\n\n\n\n<p class=\"has-medium-font-size\"><strong>Donn\u00e9es personnelles<\/strong><\/p>\n\n\n\n<p>Les donn\u00e9es personnelles d\u00e9signent toute information identifiant directement ou indirectement une personne physique (ex. nom, num\u00e9ro d\u2019immatriculation, num\u00e9ro de t\u00e9l\u00e9phone, photographie, date de naissance, commune de r\u00e9sidence, empreinte digitale\u2026).<\/p>\n\n\n\n<p>\u00c0 noter : Les donn\u00e9es qui ont fait l\u2019objet d\u2019un traitement appropri\u00e9 pour les rendre non identifiables afin d\u2019emp\u00eacher leur&nbsp;identification de mani\u00e8re irr\u00e9versible ne sont plus consid\u00e9r\u00e9es comme personnelles.<\/p>\n\n\n\n<p class=\"has-medium-font-size\"><strong>\u00a0Responsable de traitement<\/strong><\/p>\n\n\n\n<p>Tout traitement des donn\u00e9es personnelles collect\u00e9es sur le site est effectu\u00e9 sous la responsabilit\u00e9 de Doroth\u00e9e TODESCO-REQUET.<\/p>\n\n\n\n<p class=\"has-medium-font-size\"><strong>Donn\u00e9es personnelles collect\u00e9es<\/strong><\/p>\n\n\n\n<p>Deux types de donn\u00e9es \u00e0 caract\u00e8re personnel sont collect\u00e9s sur le site :<\/p>\n\n\n\n<ul class=\"wp-block-list\">\n<li>Donn\u00e9es saisies et envoy\u00e9es via les formulaires<\/li>\n\n\n\n<li>Donn\u00e9es collect\u00e9es par l\u2019outil de mesure d\u2019audience Google Analytics<\/li>\n<\/ul>\n\n\n\n<p class=\"has-medium-font-size\"><strong>Finalit\u00e9 de la collecte des donn\u00e9es personnelles<\/strong><\/p>\n\n\n\n<p>La collecte des donn\u00e9es personnelles \u00e0 travers les diff\u00e9rents formulaires pr\u00e9sents sur le site a pour but de :<\/p>\n\n\n\n<ul class=\"wp-block-list\">\n<li>Recontacter les personnes qui ont laiss\u00e9 leurs informations de contact<\/li>\n\n\n\n<li>Assurer un suivi commercial des entreprises int\u00e9ress\u00e9es par nos services.<\/li>\n<\/ul>\n\n\n\n<p>La collecte des donn\u00e9es personnelles \u00e0 travers l\u2019outil de suivi d\u2019audience Google Analytics utilis\u00e9 sur le site a pour but de :<\/p>\n\n\n\n<ul class=\"wp-block-list\">\n<li>\u00c9tablir des statistiques et des volumes de fr\u00e9quentation et d\u2019utilisation de notre site.<\/li>\n<\/ul>\n\n\n\n<p class=\"has-medium-font-size\"><strong>Dur\u00e9e de conservation des donn\u00e9es personnelles<\/strong><\/p>\n\n\n\n<p>Doroth\u00e9e TODESCO-REQUET s\u2019engage \u00e0 conserver ces donn\u00e9es personnelles pour une dur\u00e9e maximale de trois ans \u00e0 compter de votre&nbsp;derni\u00e8re visite sur le site.<\/p>\n\n\n\n<p class=\"has-medium-font-size\"><strong>S\u00e9curit\u00e9 des donn\u00e9es personnelles<\/strong><\/p>\n\n\n\n<p>Doroth\u00e9e TODESCO-REQUET s\u2019engage \u00e0 prendre toutes les pr\u00e9cautions utiles pour garantir un niveau de s\u00e9curit\u00e9 adapt\u00e9 et pour&nbsp;prot\u00e9ger vos donn\u00e9es personnelles contre les alt\u00e9rations, destructions et acc\u00e8s non autoris\u00e9s.<\/p>\n\n\n\n<p class=\"has-medium-font-size\"><strong>Droits des internautes sur leurs donn\u00e9es personnelles<\/strong><\/p>\n\n\n\n<p>En application des dispositions de la loi n \u00b0 78-17 du 6 janvier 1978 et du R\u00e8glement 2016\/679 du Parlement europ\u00e9en et du Conseil du 27 avril 2016 relatif \u00e0 la protection des personnes physiques \u00e0 l\u2019\u00e9gard du traitement des donn\u00e9es \u00e0 caract\u00e8re personnel et \u00e0 la libre circulation de ces donn\u00e9es, le cabinet s\u2019engage \u00e0 ne collecter et traiter les donn\u00e9es recueillies qu\u2019au regard des finalit\u00e9s de traitement convenues entre le cabinet et son client, \u00e0 pr\u00e9server leur s\u00e9curit\u00e9 et int\u00e9grit\u00e9, \u00e0 ne communiquer ces informations qu\u2019\u00e0 des tiers auxquels il serait n\u00e9cessaire de les transmettre en ex\u00e9cution des prestations convenues, et plus g\u00e9n\u00e9ralement \u00e0 agir dans le cadre des exigences r\u00e9glementaires auxquelles il est soumis. Le client est inform\u00e9 qu\u2019il a le droit de demander au responsable de traitement l\u2019acc\u00e8s aux donn\u00e9es \u00e0 caract\u00e8re personnel, leurs cat\u00e9gories et leurs destinataires, la dur\u00e9e de leur conservation ou, \u00e0 d\u00e9faut, les crit\u00e8res utilis\u00e9s pour d\u00e9terminer cette dur\u00e9e, leur rectification, leur effacement et leur portabilit\u00e9, ainsi que le droit de demander une limitation du traitement de ses donn\u00e9es \u00e0 caract\u00e8re personnel, sur simple demande sur support durable (courrier, email, etc\u2026).<\/p>\n\n\n\n<p>L\u2019identit\u00e9 et les coordonn\u00e9es du responsable de traitement au sein du cabinet sont les suivantes : Doroth\u00e9e TODESCO-REQUET &#8211; 06 70 62 28 74, dorothee.todesco@gestoptim.fr.<\/p>\n\n\n\n<p>L\u2019identit\u00e9 et les coordonn\u00e9es du d\u00e9l\u00e9gu\u00e9 \u00e0 la protection des donn\u00e9es au sein du cabinet sont les suivantes :&nbsp; &#8211; 06 70 62 28 74<\/p>\n\n\n\n<p>Le client a le droit d\u2019introduire une r\u00e9clamation aupr\u00e8s de la Commission Nationale de l\u2019Informatique et des Libert\u00e9s (CNIL)&nbsp;\u00e0 l\u2019adresse suivante : 3 Place de Fontenoy TSA 80715 75334 PARIS CEDEX 07<\/p>\n\n\n\n<p class=\"has-medium-font-size\"><strong>Confidentialit\u00e9 des donn\u00e9es personnelles<\/strong><\/p>\n\n\n\n<p>Tout traitement des donn\u00e9es personnelles vous concernant et collect\u00e9es sur le site sont uniquement destin\u00e9es \u00e0 Doroth\u00e9e TODESCO-REQUET et seront uniquement exploit\u00e9es dans le cadre de la demande explicit\u00e9e via le formulaire.<\/p>\n\n\n\n<p>En aucun cas, vos donn\u00e9es personnelles saisies et envoy\u00e9es via les formulaires du site ne seront transmises, lou\u00e9es ou commercialis\u00e9es \u00e0 des tiers.<\/p>\n\n\n\n<p class=\"has-medium-font-size\"><strong>Cookies<\/strong><\/p>\n\n\n\n<p>Les cookies sont de petits textes d\u00e9pos\u00e9s et conserv\u00e9s, sous r\u00e9serve de vos choix, sur votre terminal lors de votre navigation sur notre site ou sur les sites et applications de tiers. Ils permettent aux d\u00e9veloppeurs de sites web de conserver des donn\u00e9es utilisateur afin de faciliter la navigation et de permettre certaines fonctionnalit\u00e9s.<\/p>\n\n\n\n<p class=\"has-medium-font-size\"><strong>Utilisation de cookies<\/strong><\/p>\n\n\n\n<p>Le site que vous visitez utilise des traceurs (cookies). Ainsi, le site est susceptible d\u2019acc\u00e9der \u00e0 des informations d\u00e9j\u00e0 stock\u00e9es dans votre \u00e9quipement terminal de communications \u00e9lectroniques et d\u2019y inscrire des informations. Le site utilise exclusivement des traceurs dits \u00ab strictement n\u00e9cessaires \u00bb, qui ne n\u00e9cessitent pas votre consentement pr\u00e9alable. Nous utilisons ces traceurs pour permettre et faciliter la navigation sur le site notamment en m\u00e9morisant vos pr\u00e9f\u00e9rences de navigation d\u00e9finis au cours de votre session et r\u00e9aliser des statistiques anonymes de visites. Ces traceurs ne peuvent pas, techniquement, \u00eatre d\u00e9sactiv\u00e9s depuis le site. Vous pouvez n\u00e9anmoins vous opposer \u00e0 l\u2019utilisation de ces traceurs, exclusivement en param\u00e9trant votre navigateur. Ce param\u00e9trage d\u00e9pend du navigateur que vous utilisez, mais il est en g\u00e9n\u00e9ral simple \u00e0 r\u00e9aliser : en principe, vous pouvez soit activer une fonction de navigation priv\u00e9e soit uniquement interdire ou restreindre les traceurs (cookies). Attention, il se peut que des traceurs aient \u00e9t\u00e9 enregistr\u00e9s sur votre p\u00e9riph\u00e9rique avant le param\u00e9trage de votre navigateur : dans ce cas, effacez votre historique de navigation, toujours en utilisant le param\u00e9trage de votre navigateur. L\u2019utilisation des traceurs est r\u00e9gie par l\u2019article 32 II de la loi n\u00b0 78-17 du 6 janvier 1978, transposant l\u2019article 5.3 de la directive 2002\/58\/CE du parlement europ\u00e9en et du conseil du 12 juillet 2002 modifi\u00e9e par la directive 2009\/136\/CE. Pour en savoir plus sur les cookies et traceurs, nous vous invitons \u00e0 consulter le site de la CNIL :&nbsp;<a href=\"https:\/\/www.cnil.fr\/fr\" target=\"_blank\" rel=\"noreferrer noopener\">www.cnil.fr<\/a>.<\/p>\n\n\n\n<p class=\"has-medium-font-size\"><strong>Google Analytics<\/strong><\/p>\n\n\n\n<p>Nous utilisons l\u2019outil de mesure d\u2019audience Google Analytics pour \u00e9tablir des statistiques et des volumes de fr\u00e9quentation et d\u2019utilisation de notre site. Nous n\u2019autorisons pas Google \u00e0 utiliser ou \u00e0 partager avec un tiers les donn\u00e9es de navigation sur notre site.<\/p>\n\n\n\n<p class=\"has-medium-font-size\"><strong>\u00a0 \u00a0 ga<\/strong><\/p>\n\n\n\n<p>Ce cookie permet de distinguer les visiteurs. Expiration : 1 heure<\/p>\n\n\n\n<p class=\"has-medium-font-size\"><strong>\u00a0 \u00a0 gat<\/strong><\/p>\n\n\n\n<p>Ce cookie permet de pr\u00e9venir un envoi excessif d\u2019appels aux serveurs DoubleClick dans un laps de temps donn\u00e9. Expiration : 10 minutes<\/p>\n\n\n\n<p class=\"has-medium-font-size\"><strong>Comment g\u00e9rer et s\u2019opposer \u00e0 l\u2019utilisation de cookies ?<\/strong><\/p>\n\n\n\n<p>\u00c0 tout moment, vous pouvez d\u00e9sactiver tout ou partie des cookies selon les proc\u00e9d\u00e9s d\u00e9crits ci-dessous.<\/p>\n\n\n\n<p class=\"has-medium-font-size\"><strong>Les choix offerts par votre navigateur<\/strong><\/p>\n\n\n\n<p>L\u2019internaute a la possibilit\u00e9 de d\u00e9sactiver les cookies en se rendant dans les options de son navigateur comme indiqu\u00e9 ci- dessous :<\/p>\n\n\n\n<ul class=\"wp-block-list\">\n<li>Pour Google Chrome :\u00a0<a href=\"https:\/\/support.google.com\/chrome\/answer\/95647?hl=fr\">Supprimer, autoriser et g\u00e9rer les cookies dans Chrome &#8211; Ordinateur &#8211; Aide Google\u00a0Chrome<\/a><\/li>\n\n\n\n<li>Pour Mozilla Firefox :\u00a0<a href=\"https:\/\/support.mozilla.org\/fr\/kb\/protection-renforcee-contre-pistage-firefox-ordinateur?redirectlocale=fr&amp;redirectslug=activer-desactiver-cookies-preferences\">Protection renforc\u00e9e contre le pistage dans Firefox pour ordinateur | Assistance de Firefox<\/a><\/li>\n\n\n\n<li>Pour Safari : <a href=\"https:\/\/support.apple.com\/fr-fr\/guide\/safari\/sfri11471\/mac\">Effacer les cookies dans Safari sur Mac &#8211; Assistance Apple (FR)<\/a><\/li>\n\n\n\n<li>Pour Opera : <a href=\"https:\/\/help.opera.com\/en\/latest\/web-preferences\/#cookies\">Web preferences &#8211; Opera Help<\/a><\/li>\n\n\n\n<li>Pour Internet Explorer :\u00a0<a href=\"https:\/\/support.microsoft.com\/fr-fr\/windows\/g%C3%A9rer-les-cookies-dans-microsoft-edge-afficher-autoriser-bloquer-supprimer-et-utiliser-168dab11-0753-043d-7c16-ede5947fc64d#ie%3Die-11\">G\u00e9rer les cookies dans Microsoft Edge : afficher, autoriser, bloquer, supprimer et utiliser &#8211; Support Microsoft<\/a><\/li>\n\n\n\n<li>Pour Edge :\u00a0<a href=\"https:\/\/support.microsoft.com\/fr-fr\/microsoft-edge\/microsoft-edge-donn%C3%A9es-de-navigation-et-confidentialit%C3%A9-bb8174ba-9d73-dcf2-9b4a-c582b4e640dd\">Microsoft\u00a0Edge, donn\u00e9es de navigation et confidentialit\u00e9 &#8211; Support Microsoft<\/a><\/li>\n\n\n\n<li>Pour iOS :\u00a0<a href=\"https:\/\/support.apple.com\/fr-fr\/105082\">Supprimer votre historique, votre cache et vos cookies Safari sur iPhone &#8211; Assistance Apple (FR)<\/a><\/li>\n\n\n\n<li>Pour Android :\u00a0<a href=\"https:\/\/support.google.com\/accounts\/answer\/61416?co=GENIE.Platform%3DAndroid&amp;hl=fr\">Activer ou d\u00e9sactiver les cookies &#8211; Android &#8211; Aide Compte Google<\/a><\/li>\n<\/ul>\n\n\n\n<p class=\"has-medium-font-size\"><strong>Les outils de gestion de cookies<\/strong><\/p>\n\n\n\n<p>Certains \u00e9metteurs de cookies proposent \u00e9galement des outils de gestion de leurs cookies :<\/p>\n\n\n\n<p>Pour D\u00e9sactiver Google Analytics :&nbsp;<a href=\"https:\/\/tools.google.com\/dlpage\/gaoptout?hl=fr\">Page de t\u00e9l\u00e9chargement du module compl\u00e9mentaire de navigateur pour la d\u00e9sactivation de Google&nbsp;Analytics<\/a><\/p>\n\n\n\n<p class=\"has-medium-font-size\"><strong><u>Liens hypertexte<\/u><\/strong><\/p>\n\n\n\n<p>Doroth\u00e9e TODESCO-REQUET d\u00e9cline formellement toute responsabilit\u00e9 quant aux contenus des sites vers lesquels elle offre des liens. Ces liens sont propos\u00e9s aux utilisateurs du site en tant que service. La d\u00e9cision d\u2019activer les liens appartient exclusivement aux utilisateurs.<\/p>\n\n\n\n<p class=\"has-medium-font-size\"><strong><u>Proc\u00e9dure de r\u00e9clamation \u2013 m\u00e9diation<\/u><\/strong><\/p>\n\n\n\n<p>Doroth\u00e9e TODESCO-REQUET a mis en place une proc\u00e9dure en vue du traitement raisonnable et rapide des r\u00e9clamations que lui adressent ses clients existants ou potentiels.<\/p>\n\n\n\n<p>Par courrier \u00e0 l\u2019adresse suivante : 2 all\u00e9e du Ch\u00e2teau 69380 LOZANNE<\/p>\n\n\n\n<p>Par courriel \u00e0 l\u2019adresse suivante :&nbsp;<strong>dorothee.todesco@gestoptim.fr<\/strong><\/p>\n\n\n\n<p>Nous nous engageons \u00e0 accuser r\u00e9ception de la r\u00e9clamation dans un d\u00e9lai de dix jours ouvrables puis \u00e0 y r\u00e9pondre dans un d\u00e9lai de deux mois maximum \u00e0 compter de la date d\u2019envoi de votre r\u00e9clamation, sauf survenance de circonstances particuli\u00e8res d\u00fbment justifi\u00e9es.<\/p>\n\n\n\n<p>Si la r\u00e9ponse apport\u00e9e \u00e0 votre r\u00e9clamation ne vous appara\u00eet pas satisfaisante, vous pouvez saisir le m\u00e9diateur de la consommation comp\u00e9tent suivant :&nbsp;<\/p>\n\n\n\n<p>Au titre de nos activit\u00e9s de conseiller en investissements financier : Le M\u00e9diateur &#8211; Autorit\u00e9 des March\u00e9s Financiers &#8211; 17 place de la Bourse &#8211; 75082 PARIS CEDEX 02<\/p>\n\n\n\n<p>Au titre de nos autres activit\u00e9s :&nbsp;<a href=\"http:\/\/www.medconsodev.eu\/\">http:\/\/www.medconsodev.eu\/<\/a>&nbsp;&nbsp;ou par voie postale en \u00e9crivant \u00e0 MED CONSO DEV &#8211; Immeuble l&rsquo;Horizon &#8211; Esplanade de France &#8211; 3 rue J.Constant Milleret 42000 SAINT-ETIENNE.<\/p>\n\n\n\n<p class=\"has-medium-font-size\"><strong>Traitement des donn\u00e9es :<\/strong><\/p>\n\n\n\n<p>Les donn\u00e9es li\u00e9es au formulaire contact serviront \u00e0 une simple mise en relation. Les donn\u00e9es personnelles collect\u00e9es lors des rendez-vous sont conserv\u00e9es pendant 5 ans conform\u00e9ment \u00e0 la loi , au-del\u00e0 du terme de chacun des contrats ou investissements que vous avez effectu\u00e9s ou \u00e9ventuellement effectu\u00e9 par l\u2019interm\u00e9diaire de Doroth\u00e9e TODESCO-REQUET.<\/p>\n\n\n\n<p>Les donn\u00e9es sont conserv\u00e9es \u00e0 titre professionnel dans le cadre du conseil patrimonial effectu\u00e9.<\/p>\n\n\n\n<p>Des \u00e9changes de donn\u00e9es auront lieu avec nos diff\u00e9rents partenaires tel que Inov\u00e9a Group et ses filiales, UPSIDEO\u2026<\/p>\n\n\n\n<p>Des \u00e9ventuels transfert de donn\u00e9es vers des pays hors UE peuvent avoir lieu dans le cadre de souscription et plus pr\u00e9cis\u00e9ment avec l\u2019un de nos partenaire situ\u00e9 en Grande Bretagne.<\/p>\n\n\n\n<p>Ce destinataire aura communication des donn\u00e9es suivantes : Nom pr\u00e9nom du ou des souscripteurs, adresse, coordonn\u00e9es t\u00e9l\u00e9phoniques et mails, relev\u00e9 d\u2019identit\u00e9 bancaire, option fiscale, profile de risque, sensibilit\u00e9 aux pertes, cartographie de la lutte anti-blanchiment et lutte contre le terrorisme.<\/p>\n\n\n\n<p>Vous b\u00e9n\u00e9ficiez d\u2019un droit d\u2019acc\u00e8s, de rectification, de portabilit\u00e9, d\u2019effacement de celles-ci ou une&nbsp;limitation du traitement.&nbsp;Vous pouvez vous opposer au traitement des donn\u00e9es vous concernant et disposez du droit de retirer votre consentement \u00e0&nbsp;tout moment en vous adressant \u00e0&nbsp;:<\/p>\n\n\n\n<p><strong>Doroth\u00e9e TODESCO-REQUET<\/strong><\/p>\n\n\n\n<p><strong>dorothee.todesco@gestoptim.fr<\/strong><\/p>\n\n\n\n<p>Vous avez la possibilit\u00e9 d\u2019introduire une r\u00e9clamation aupr\u00e8s d\u2019une autorit\u00e9 de contr\u00f4le (l\u2019AMF ou l\u2019ACPR) telle qu\u2019indiqu\u00e9e dans la lettre d\u2019entr\u00e9e en relation dont vous avez pris&nbsp;connaissance ant\u00e9rieurement.<\/p>\n\n\n\n<p>Le cabinet Doroth\u00e9e TODESCO-REQUET a mis en place une proc\u00e9dure en vue du traitement raisonnable et rapide des r\u00e9clamations que lui adressent ses clients existants ou potentiels.<\/p>\n\n\n\n<p>Dans ce cadre et en cas de r\u00e9clamation le cabinet Doroth\u00e9e TODESCO-REQUET s&rsquo;engage \u00e0 accuser r\u00e9ception d\u2019une r\u00e9clamation dans un d\u00e9lai de 10 jours ouvrables, puis \u00e0 y r\u00e9pondre dans un d\u00e9lai de deux mois maximums \u00e0 compter de la date d&rsquo;envoi de votre r\u00e9clamation, sauf survenance de circonstances particuli\u00e8res d\u00fbment justifi\u00e9es.<\/p>\n\n\n\n<p>Par ailleurs nous vous rappelons les coordonn\u00e9es de l\u2019organisme&nbsp;M\u00e9diateur concern\u00e9 en cas de non r\u00e8glement du litige \u00e0 l\u2019issue de la&nbsp;r\u00e9ception d\u2019une r\u00e9ponse jug\u00e9e non satisfaisante&nbsp;:<\/p>\n\n\n\n<p><strong>M\u00e9diateur AMF<\/strong><\/p>\n\n\n\n<p>Mme Marielle Cohen-Branche<\/p>\n\n\n\n<p>M\u00e9diateur de l\u2019AMF<\/p>\n\n\n\n<p>Autorit\u00e9 des march\u00e9s financiers<\/p>\n\n\n\n<p>17, place de la Bourse<\/p>\n\n\n\n<p>75 082 Paris cedex 02<\/p>\n\n\n\n<p><a href=\"https:\/\/www.amf-france.org\">https:\/\/www.amf-france.org<\/a><\/p>\n\n\n\n<p class=\"has-medium-font-size\"><strong>Utilisation des cookies et autres trackings<\/strong><\/p>\n\n\n\n<p>Le site que vous visitez utilise des traceurs (cookies). Ainsi, le site est susceptible d\u2019acc\u00e9der \u00e0 des informations d\u00e9j\u00e0 stock\u00e9es dans votre \u00e9quipement terminal de communications \u00e9lectroniques et d\u2019y inscrire des informations. Le site utilise exclusivement des traceurs dits \u00ab&nbsp;strictement n\u00e9cessaires&nbsp;\u00bb, qui ne n\u00e9cessitent pas votre consentement pr\u00e9alable. Nous utilisons ces traceurs pour permettre et faciliter la navigation sur le site notamment en m\u00e9morisant vos pr\u00e9f\u00e9rences de navigation d\u00e9finis au cours de votre session et r\u00e9aliser des statistiques anonymes de visites. Ces traceurs ne peuvent pas, techniquement, \u00eatre d\u00e9sactiv\u00e9s depuis le site. Vous pouvez n\u00e9anmoins vous opposer \u00e0 l\u2019utilisation de ces traceurs, exclusivement en param\u00e9trant votre navigateur. Ce param\u00e9trage d\u00e9pend du navigateur que vous utilisez, mais il est en g\u00e9n\u00e9ral simple \u00e0 r\u00e9aliser : en principe, vous pouvez soit activer une fonction de navigation priv\u00e9e soit uniquement interdire ou restreindre les traceurs (cookies). Attention, il se peut que des traceurs aient \u00e9t\u00e9 enregistr\u00e9s sur votre p\u00e9riph\u00e9rique avant le param\u00e9trage de votre navigateur : dans ce cas, effacez votre historique de navigation, toujours en utilisant le param\u00e9trage de votre navigateur.&nbsp;L\u2019utilisation des traceurs est r\u00e9gie par l\u2019article 32 II de la loi n\u00b0 78-17 du 6 janvier 1978, transposant l\u2019article 5.3 de la directive 2002\/58\/CE du parlement europ\u00e9en et du conseil du 12 juillet 2002 modifi\u00e9e par la directive 2009\/136\/CE. Pour en savoir plus sur les cookies et traceurs, nous vous invitons \u00e0 consulter le site de la CNIL :&nbsp;<a href=\"http:\/\/www.cnil.fr\/\">www.cnil.fr<\/a>.<\/p>\n\n\n\n<p class=\"has-medium-font-size\"><strong>Protection intellectuelle<\/strong><\/p>\n\n\n\n<p>Le Site est r\u00e9gi dans son int\u00e9gralit\u00e9 par la l\u00e9gislation fran\u00e7aise relative au droit d\u2019auteur, au droit des marques et d\u2019une mani\u00e8re g\u00e9n\u00e9rale, \u00e0 la propri\u00e9t\u00e9 intellectuelle. Toute reproduction, repr\u00e9sentation, modification, publication, transmission et\/ou d\u00e9naturation, totale ou partielle du Site et de ses composants (y compris de nos marques et logos et ceux de nos partenaires), par quelque proc\u00e9d\u00e9 que ce soit, et sur quelque support que ce soit, sans notre autorisation expresse, est interdite, conform\u00e9ment aux articles L713-2 et suivants du Code de la Propri\u00e9t\u00e9 intellectuelle. Le non-respect de cette interdiction est constitutif du d\u00e9lit de contrefa\u00e7on sanctionn\u00e9e par les articles L335-2 et suivants du Code de la Propri\u00e9t\u00e9 Intellectuelle<\/p>\n\n\n\n<p><\/p>\n\n\n\n<p><\/p>\n\n\n\n<p><\/p>\n\n\n\n<p><\/p>\n\n\n\n<p><\/p>\n","protected":false},"excerpt":{"rendered":"<p>Webmaster Site r\u00e9alis\u00e9 par Grid\u00e9ocontact@grideo.fr Mentions l\u00e9gales du conseiller Le m\u00e9tier de Consultant Patrimonial est particuli\u00e8rement r\u00e9glement\u00e9. Informations relatives \u00e0 l&rsquo;entreprise : Doroth\u00e9e TODESCO-REQUET Entreprise Individuelle 2 all\u00e9e du Ch\u00e2teau 69380 LOZANNE Tel : 06 70 62 28 74 E-mail : dorothee.todesco@gestoptim.fr Directeur de publication du site : Doroth\u00e9e TODESCO-REQUET, dorothee.todesco@gestoptim.fr H\u00e9bergeur : OVH, 2 [&hellip;]<\/p>\n","protected":false},"author":1,"featured_media":0,"parent":0,"menu_order":0,"comment_status":"closed","ping_status":"closed","template":"","meta":{"_gspb_post_css":"","footnotes":""},"class_list":["post-3","page","type-page","status-publish","hentry"],"blocksy_meta":[],"_links":{"self":[{"href":"https:\/\/gestoptim.fr\/index.php?rest_route=\/wp\/v2\/pages\/3","targetHints":{"allow":["GET"]}}],"collection":[{"href":"https:\/\/gestoptim.fr\/index.php?rest_route=\/wp\/v2\/pages"}],"about":[{"href":"https:\/\/gestoptim.fr\/index.php?rest_route=\/wp\/v2\/types\/page"}],"author":[{"embeddable":true,"href":"https:\/\/gestoptim.fr\/index.php?rest_route=\/wp\/v2\/users\/1"}],"replies":[{"embeddable":true,"href":"https:\/\/gestoptim.fr\/index.php?rest_route=%2Fwp%2Fv2%2Fcomments&post=3"}],"version-history":[{"count":11,"href":"https:\/\/gestoptim.fr\/index.php?rest_route=\/wp\/v2\/pages\/3\/revisions"}],"predecessor-version":[{"id":828,"href":"https:\/\/gestoptim.fr\/index.php?rest_route=\/wp\/v2\/pages\/3\/revisions\/828"}],"wp:attachment":[{"href":"https:\/\/gestoptim.fr\/index.php?rest_route=%2Fwp%2Fv2%2Fmedia&parent=3"}],"curies":[{"name":"wp","href":"https:\/\/api.w.org\/{rel}","templated":true}]}}